{"id":402,"date":"2021-08-12T10:23:46","date_gmt":"2021-08-12T08:23:46","guid":{"rendered":"http:\/\/obdstar-info.com\/?page_id=402"},"modified":"2021-08-24T09:40:13","modified_gmt":"2021-08-24T07:40:13","slug":"fia-cir4","status":"publish","type":"page","link":"https:\/\/obdstar-info.com\/index.php\/fia-cir4\/","title":{"rendered":"FIA-CIR4"},"content":{"rendered":"\t\t<div data-elementor-type=\"wp-page\" data-elementor-id=\"402\" class=\"elementor elementor-402\" data-elementor-settings=\"[]\">\n\t\t\t\t\t\t\t<div class=\"elementor-section-wrap\">\n\t\t\t\t\t\t\t<section class=\"elementor-section elementor-top-section elementor-element elementor-element-d06a21b elementor-section-full_width elementor-section-height-default elementor-section-height-default\" data-id=\"d06a21b\" data-element_type=\"section\" data-settings=\"{&quot;background_background&quot;:&quot;classic&quot;}\">\n\t\t\t\t\t\t<div class=\"elementor-container elementor-column-gap-default\">\n\t\t\t\t\t<div class=\"elementor-column elementor-col-100 elementor-top-column elementor-element elementor-element-c689796\" data-id=\"c689796\" data-element_type=\"column\">\n\t\t\t<div class=\"elementor-widget-wrap elementor-element-populated\">\n\t\t\t\t\t\t\t\t<div class=\"elementor-element elementor-element-39c3fc5 elementor-widget elementor-widget-spacer\" data-id=\"39c3fc5\" data-element_type=\"widget\" data-widget_type=\"spacer.default\">\n\t\t\t\t<div class=\"elementor-widget-container\">\n\t\t\t\t\t<div class=\"elementor-spacer\">\n\t\t\t<div class=\"elementor-spacer-inner\"><\/div>\n\t\t<\/div>\n\t\t\t\t<\/div>\n\t\t\t\t<\/div>\n\t\t\t\t\t<\/div>\n\t\t<\/div>\n\t\t\t\t\t\t\t<\/div>\n\t\t<\/section>\n\t\t\t\t<section class=\"elementor-section elementor-top-section elementor-element elementor-element-e875e4f elementor-section-full_width elementor-section-height-default elementor-section-height-default\" data-id=\"e875e4f\" data-element_type=\"section\" data-settings=\"{&quot;background_background&quot;:&quot;classic&quot;}\">\n\t\t\t\t\t\t<div class=\"elementor-container elementor-column-gap-default\">\n\t\t\t\t\t<div class=\"elementor-column elementor-col-50 elementor-top-column elementor-element elementor-element-7b09bc8\" data-id=\"7b09bc8\" data-element_type=\"column\" data-settings=\"{&quot;background_background&quot;:&quot;classic&quot;}\">\n\t\t\t<div class=\"elementor-widget-wrap elementor-element-populated\">\n\t\t\t\t\t\t\t\t<div class=\"elementor-element elementor-element-49e3fa1 elementor-widget elementor-widget-spacer\" data-id=\"49e3fa1\" data-element_type=\"widget\" data-widget_type=\"spacer.default\">\n\t\t\t\t<div class=\"elementor-widget-container\">\n\t\t\t\t\t<div class=\"elementor-spacer\">\n\t\t\t<div class=\"elementor-spacer-inner\"><\/div>\n\t\t<\/div>\n\t\t\t\t<\/div>\n\t\t\t\t<\/div>\n\t\t\t\t\t<\/div>\n\t\t<\/div>\n\t\t\t\t<div class=\"elementor-column elementor-col-50 elementor-top-column elementor-element elementor-element-14960e2\" data-id=\"14960e2\" data-element_type=\"column\" data-settings=\"{&quot;background_background&quot;:&quot;classic&quot;}\">\n\t\t\t<div class=\"elementor-widget-wrap elementor-element-populated\">\n\t\t\t\t\t\t\t\t<div class=\"elementor-element elementor-element-c4a4995 elementor-widget elementor-widget-heading\" data-id=\"c4a4995\" data-element_type=\"widget\" data-widget_type=\"heading.default\">\n\t\t\t\t<div class=\"elementor-widget-container\">\n\t\t\t<h2 class=\"elementor-heading-title elementor-size-default\">FIA-CIR4<\/h2>\t\t<\/div>\n\t\t\t\t<\/div>\n\t\t\t\t<div class=\"elementor-element elementor-element-0f4fabb elementor-widget elementor-widget-text-editor\" data-id=\"0f4fabb\" data-element_type=\"widget\" data-widget_type=\"text-editor.default\">\n\t\t\t\t<div class=\"elementor-widget-container\">\n\t\t\t\t\t\t\t<div class=\"product-reference\"><p>Compatible |<\/p><p>Fiat 500L Ducato, Citroen Jumper, Peugeot Boxer<\/p><\/div>\t\t\t\t\t\t<\/div>\n\t\t\t\t<\/div>\n\t\t\t\t<div class=\"elementor-element elementor-element-e7b0345 elementor-align-left elementor-widget elementor-widget-button\" data-id=\"e7b0345\" data-element_type=\"widget\" data-widget_type=\"button.default\">\n\t\t\t\t<div class=\"elementor-widget-container\">\n\t\t\t\t\t<div class=\"elementor-button-wrapper\">\n\t\t\t<a href=\"https:\/\/www.keyfirst.eu\/fr\/2008\/292-fia-cir4-compatible-fiat-500l-ducato-citroen-jumper-peugeot-boxer-3700872211968.html\" class=\"elementor-button-link elementor-button elementor-size-md\" role=\"button\">\n\t\t\t\t\t\t<span class=\"elementor-button-content-wrapper\">\n\t\t\t\t\t\t<span class=\"elementor-button-text\">Acheter ce produit<\/span>\n\t\t<\/span>\n\t\t\t\t\t<\/a>\n\t\t<\/div>\n\t\t\t\t<\/div>\n\t\t\t\t<\/div>\n\t\t\t\t\t<\/div>\n\t\t<\/div>\n\t\t\t\t\t\t\t<\/div>\n\t\t<\/section>\n\t\t\t\t<section class=\"elementor-section elementor-top-section elementor-element elementor-element-cefd382 elementor-section-full_width elementor-section-height-default elementor-section-height-default\" data-id=\"cefd382\" data-element_type=\"section\" data-settings=\"{&quot;background_background&quot;:&quot;classic&quot;}\">\n\t\t\t\t\t\t<div class=\"elementor-container elementor-column-gap-default\">\n\t\t\t\t\t<div class=\"elementor-column elementor-col-100 elementor-top-column elementor-element elementor-element-ed2f2b8\" data-id=\"ed2f2b8\" data-element_type=\"column\">\n\t\t\t<div class=\"elementor-widget-wrap elementor-element-populated\">\n\t\t\t\t\t\t\t\t<div class=\"elementor-element elementor-element-f0e255a elementor-widget elementor-widget-spacer\" data-id=\"f0e255a\" data-element_type=\"widget\" data-widget_type=\"spacer.default\">\n\t\t\t\t<div class=\"elementor-widget-container\">\n\t\t\t\t\t<div class=\"elementor-spacer\">\n\t\t\t<div class=\"elementor-spacer-inner\"><\/div>\n\t\t<\/div>\n\t\t\t\t<\/div>\n\t\t\t\t<\/div>\n\t\t\t\t\t<\/div>\n\t\t<\/div>\n\t\t\t\t\t\t\t<\/div>\n\t\t<\/section>\n\t\t\t\t<section class=\"elementor-section elementor-top-section elementor-element elementor-element-803902a elementor-section-full_width elementor-section-height-default elementor-section-height-default\" data-id=\"803902a\" data-element_type=\"section\" data-settings=\"{&quot;background_background&quot;:&quot;classic&quot;}\">\n\t\t\t\t\t\t<div class=\"elementor-container elementor-column-gap-default\">\n\t\t\t\t\t<div class=\"elementor-column elementor-col-100 elementor-top-column elementor-element elementor-element-b7329b6\" data-id=\"b7329b6\" data-element_type=\"column\">\n\t\t\t<div class=\"elementor-widget-wrap elementor-element-populated\">\n\t\t\t\t\t\t\t\t<div class=\"elementor-element elementor-element-67d7ad8 elementor-widget elementor-widget-heading\" data-id=\"67d7ad8\" data-element_type=\"widget\" data-widget_type=\"heading.default\">\n\t\t\t\t<div class=\"elementor-widget-container\">\n\t\t\t<h2 class=\"elementor-heading-title elementor-size-default\">Conception<\/h2>\t\t<\/div>\n\t\t\t\t<\/div>\n\t\t\t\t<div class=\"elementor-element elementor-element-5655cfc elementor-widget elementor-widget-text-editor\" data-id=\"5655cfc\" data-element_type=\"widget\" data-widget_type=\"text-editor.default\">\n\t\t\t\t<div class=\"elementor-widget-container\">\n\t\t\t\t\t\t\t<div id=\"product-description-short-358\" class=\"description-short\"><div class=\"o9v6fnle cxmmr5t8 oygrvhab hcukyx3x c1et5uql ii04i59q\"><div class=\"o9v6fnle cxmmr5t8 oygrvhab hcukyx3x c1et5uql ii04i59q\"><div id=\"product-description-short-2039\" class=\"description-short\"><ul><li>3 boutons<\/li><li>Lame\u00a0<strong>SIP22<\/strong><\/li><li>Pile CR2032<\/li><li>ID 46<\/li><li>PCF7946<\/li><li>Syst\u00e8me Magneti Marelli BSI<\/li><li>433mhz<\/li><li>La cl\u00e9 doit \u00eatre pr\u00e9cod\u00e9e avec votre OBDSTAR avant la programmation .<\/li><\/ul><\/div><\/div><\/div><\/div>\t\t\t\t\t\t<\/div>\n\t\t\t\t<\/div>\n\t\t\t\t<div class=\"elementor-element elementor-element-5f86da8 elementor-widget elementor-widget-heading\" data-id=\"5f86da8\" data-element_type=\"widget\" data-widget_type=\"heading.default\">\n\t\t\t\t<div class=\"elementor-widget-container\">\n\t\t\t<h2 class=\"elementor-heading-title elementor-size-default\">Mod\u00e8les disponibles<\/h2>\t\t<\/div>\n\t\t\t\t<\/div>\n\t\t\t\t<div class=\"elementor-element elementor-element-a11df1e elementor-widget elementor-widget-text-editor\" data-id=\"a11df1e\" data-element_type=\"widget\" data-widget_type=\"text-editor.default\">\n\t\t\t\t<div class=\"elementor-widget-container\">\n\t\t\t\t\t\t\t<div id=\"product-description-short-358\" class=\"description-short\"><div class=\"o9v6fnle cxmmr5t8 oygrvhab hcukyx3x c1et5uql ii04i59q\"><div class=\"o9v6fnle cxmmr5t8 oygrvhab hcukyx3x c1et5uql ii04i59q\"><div id=\"product-description-short-2039\" class=\"description-short\"><ul><li>Fiat 500L 2012-2019<\/li><li>Fiat Ducato 2008-2019<\/li><li>Citroen Jumper 2008-2019<\/li><li>Peugeot Boxer 2008-2019<\/li><\/ul><\/div><\/div><\/div><\/div>\t\t\t\t\t\t<\/div>\n\t\t\t\t<\/div>\n\t\t\t\t<div class=\"elementor-element elementor-element-71ae0c7 elementor-widget elementor-widget-heading\" data-id=\"71ae0c7\" data-element_type=\"widget\" data-widget_type=\"heading.default\">\n\t\t\t\t<div class=\"elementor-widget-container\">\n\t\t\t<h2 class=\"elementor-heading-title elementor-size-default\">Caract\u00e9ristiques techniques<\/h2>\t\t<\/div>\n\t\t\t\t<\/div>\n\t\t\t\t<div class=\"elementor-element elementor-element-d0abc7e elementor-widget elementor-widget-text-editor\" data-id=\"d0abc7e\" data-element_type=\"widget\" data-widget_type=\"text-editor.default\">\n\t\t\t\t<div class=\"elementor-widget-container\">\n\t\t\t\t\t\t\t<div id=\"product-description-short-358\" class=\"description-short\"><div class=\"o9v6fnle cxmmr5t8 oygrvhab hcukyx3x c1et5uql ii04i59q\"><div class=\"o9v6fnle cxmmr5t8 oygrvhab hcukyx3x c1et5uql ii04i59q\"><div id=\"product-description-short-2039\" class=\"description-short\"><ul><li>Type De Lame\/ \u00c9bauche &#8211; SIP22<\/li><li>Nombre De Boutons &#8211; 3 boutons<\/li><li>Pile &#8211; CR2032<\/li><li>Fr\u00e9quence &#8211; 433mhz<\/li><li>Transpondeur &#8211; ID 46<\/li><li>Marque &#8211; AFTER MARKET<\/li><li>PCF7 &#8211; 946<\/li><\/ul><\/div><\/div><\/div><\/div>\t\t\t\t\t\t<\/div>\n\t\t\t\t<\/div>\n\t\t\t\t<div class=\"elementor-element elementor-element-16119d0 elementor-widget elementor-widget-button\" data-id=\"16119d0\" data-element_type=\"widget\" data-widget_type=\"button.default\">\n\t\t\t\t<div class=\"elementor-widget-container\">\n\t\t\t\t\t<div class=\"elementor-button-wrapper\">\n\t\t\t<a href=\"https:\/\/www.keyfirst.eu\/fr\/2008\/292-fia-cir4-compatible-fiat-500l-ducato-citroen-jumper-peugeot-boxer-3700872211968.html\" class=\"elementor-button-link elementor-button elementor-size-md\" role=\"button\">\n\t\t\t\t\t\t<span class=\"elementor-button-content-wrapper\">\n\t\t\t\t\t\t<span class=\"elementor-button-text\">Acheter ce produit<\/span>\n\t\t<\/span>\n\t\t\t\t\t<\/a>\n\t\t<\/div>\n\t\t\t\t<\/div>\n\t\t\t\t<\/div>\n\t\t\t\t<div class=\"elementor-element elementor-element-38d6683 elementor-widget elementor-widget-spacer\" data-id=\"38d6683\" data-element_type=\"widget\" data-widget_type=\"spacer.default\">\n\t\t\t\t<div class=\"elementor-widget-container\">\n\t\t\t\t\t<div class=\"elementor-spacer\">\n\t\t\t<div class=\"elementor-spacer-inner\"><\/div>\n\t\t<\/div>\n\t\t\t\t<\/div>\n\t\t\t\t<\/div>\n\t\t\t\t\t<\/div>\n\t\t<\/div>\n\t\t\t\t\t\t\t<\/div>\n\t\t<\/section>\n\t\t\t\t\t\t<\/div>\n\t\t\t\t\t<\/div>\n\t\t","protected":false},"excerpt":{"rendered":"<p>FIA-CIR4 Compatible | Fiat 500L Ducato, Citroen Jumper, Peugeot Boxer Acheter ce produit Conception 3 boutons Lame\u00a0SIP22 Pile CR2032 ID 46 PCF7946 Syst\u00e8me Magneti Marelli BSI 433mhz La cl\u00e9 doit &#8230;<\/p>\n","protected":false},"author":1,"featured_media":0,"parent":0,"menu_order":0,"comment_status":"closed","ping_status":"closed","template":"elementor_header_footer","meta":[],"yoast_head":"<!-- This site is optimized with the Yoast SEO plugin v16.9 - https:\/\/yoast.com\/wordpress\/plugins\/seo\/ -->\n<title>FIA-CIR4 - Obdstar France<\/title>\n<meta name=\"robots\" content=\"index, follow, max-snippet:-1, max-image-preview:large, max-video-preview:-1\" \/>\n<link rel=\"canonical\" href=\"https:\/\/obdstar-info.com\/index.php\/fia-cir4\/\" \/>\n<meta property=\"og:locale\" content=\"en_US\" \/>\n<meta property=\"og:type\" content=\"article\" \/>\n<meta property=\"og:title\" content=\"FIA-CIR4 - Obdstar France\" \/>\n<meta property=\"og:description\" content=\"FIA-CIR4 Compatible | Fiat 500L Ducato, Citroen Jumper, Peugeot Boxer Acheter ce produit Conception 3 boutons Lame\u00a0SIP22 Pile CR2032 ID 46 PCF7946 Syst\u00e8me Magneti Marelli BSI 433mhz La cl\u00e9 doit ...\" \/>\n<meta property=\"og:url\" content=\"https:\/\/obdstar-info.com\/index.php\/fia-cir4\/\" \/>\n<meta property=\"og:site_name\" content=\"Obdstar France\" \/>\n<meta property=\"article:modified_time\" content=\"2021-08-24T07:40:13+00:00\" \/>\n<meta name=\"twitter:card\" content=\"summary_large_image\" \/>\n<meta name=\"twitter:label1\" content=\"Est. reading time\" \/>\n\t<meta name=\"twitter:data1\" content=\"1 minute\" \/>\n<script type=\"application\/ld+json\" class=\"yoast-schema-graph\">{\"@context\":\"https:\/\/schema.org\",\"@graph\":[{\"@type\":\"WebSite\",\"@id\":\"https:\/\/obdstar-info.com\/#website\",\"url\":\"https:\/\/obdstar-info.com\/\",\"name\":\"Obdstar France\",\"description\":\"\",\"potentialAction\":[{\"@type\":\"SearchAction\",\"target\":{\"@type\":\"EntryPoint\",\"urlTemplate\":\"https:\/\/obdstar-info.com\/?s={search_term_string}\"},\"query-input\":\"required name=search_term_string\"}],\"inLanguage\":\"en-US\"},{\"@type\":\"WebPage\",\"@id\":\"https:\/\/obdstar-info.com\/index.php\/fia-cir4\/#webpage\",\"url\":\"https:\/\/obdstar-info.com\/index.php\/fia-cir4\/\",\"name\":\"FIA-CIR4 - Obdstar France\",\"isPartOf\":{\"@id\":\"https:\/\/obdstar-info.com\/#website\"},\"datePublished\":\"2021-08-12T08:23:46+00:00\",\"dateModified\":\"2021-08-24T07:40:13+00:00\",\"breadcrumb\":{\"@id\":\"https:\/\/obdstar-info.com\/index.php\/fia-cir4\/#breadcrumb\"},\"inLanguage\":\"en-US\",\"potentialAction\":[{\"@type\":\"ReadAction\",\"target\":[\"https:\/\/obdstar-info.com\/index.php\/fia-cir4\/\"]}]},{\"@type\":\"BreadcrumbList\",\"@id\":\"https:\/\/obdstar-info.com\/index.php\/fia-cir4\/#breadcrumb\",\"itemListElement\":[{\"@type\":\"ListItem\",\"position\":1,\"name\":\"Accueil\",\"item\":\"https:\/\/obdstar-info.com\/\"},{\"@type\":\"ListItem\",\"position\":2,\"name\":\"FIA-CIR4\"}]}]}<\/script>\n<!-- \/ Yoast SEO plugin. -->","yoast_head_json":{"title":"FIA-CIR4 - Obdstar France","robots":{"index":"index","follow":"follow","max-snippet":"max-snippet:-1","max-image-preview":"max-image-preview:large","max-video-preview":"max-video-preview:-1"},"canonical":"https:\/\/obdstar-info.com\/index.php\/fia-cir4\/","og_locale":"en_US","og_type":"article","og_title":"FIA-CIR4 - Obdstar France","og_description":"FIA-CIR4 Compatible | Fiat 500L Ducato, Citroen Jumper, Peugeot Boxer Acheter ce produit Conception 3 boutons Lame\u00a0SIP22 Pile CR2032 ID 46 PCF7946 Syst\u00e8me Magneti Marelli BSI 433mhz La cl\u00e9 doit ...","og_url":"https:\/\/obdstar-info.com\/index.php\/fia-cir4\/","og_site_name":"Obdstar France","article_modified_time":"2021-08-24T07:40:13+00:00","twitter_card":"summary_large_image","twitter_misc":{"Est. reading time":"1 minute"},"schema":{"@context":"https:\/\/schema.org","@graph":[{"@type":"WebSite","@id":"https:\/\/obdstar-info.com\/#website","url":"https:\/\/obdstar-info.com\/","name":"Obdstar France","description":"","potentialAction":[{"@type":"SearchAction","target":{"@type":"EntryPoint","urlTemplate":"https:\/\/obdstar-info.com\/?s={search_term_string}"},"query-input":"required name=search_term_string"}],"inLanguage":"en-US"},{"@type":"WebPage","@id":"https:\/\/obdstar-info.com\/index.php\/fia-cir4\/#webpage","url":"https:\/\/obdstar-info.com\/index.php\/fia-cir4\/","name":"FIA-CIR4 - Obdstar France","isPartOf":{"@id":"https:\/\/obdstar-info.com\/#website"},"datePublished":"2021-08-12T08:23:46+00:00","dateModified":"2021-08-24T07:40:13+00:00","breadcrumb":{"@id":"https:\/\/obdstar-info.com\/index.php\/fia-cir4\/#breadcrumb"},"inLanguage":"en-US","potentialAction":[{"@type":"ReadAction","target":["https:\/\/obdstar-info.com\/index.php\/fia-cir4\/"]}]},{"@type":"BreadcrumbList","@id":"https:\/\/obdstar-info.com\/index.php\/fia-cir4\/#breadcrumb","itemListElement":[{"@type":"ListItem","position":1,"name":"Accueil","item":"https:\/\/obdstar-info.com\/"},{"@type":"ListItem","position":2,"name":"FIA-CIR4"}]}]}},"_links":{"self":[{"href":"https:\/\/obdstar-info.com\/index.php\/wp-json\/wp\/v2\/pages\/402"}],"collection":[{"href":"https:\/\/obdstar-info.com\/index.php\/wp-json\/wp\/v2\/pages"}],"about":[{"href":"https:\/\/obdstar-info.com\/index.php\/wp-json\/wp\/v2\/types\/page"}],"author":[{"embeddable":true,"href":"https:\/\/obdstar-info.com\/index.php\/wp-json\/wp\/v2\/users\/1"}],"replies":[{"embeddable":true,"href":"https:\/\/obdstar-info.com\/index.php\/wp-json\/wp\/v2\/comments?post=402"}],"version-history":[{"count":10,"href":"https:\/\/obdstar-info.com\/index.php\/wp-json\/wp\/v2\/pages\/402\/revisions"}],"predecessor-version":[{"id":580,"href":"https:\/\/obdstar-info.com\/index.php\/wp-json\/wp\/v2\/pages\/402\/revisions\/580"}],"wp:attachment":[{"href":"https:\/\/obdstar-info.com\/index.php\/wp-json\/wp\/v2\/media?parent=402"}],"curies":[{"name":"wp","href":"https:\/\/api.w.org\/{rel}","templated":true}]}}