{"id":392,"date":"2021-08-12T10:08:57","date_gmt":"2021-08-12T08:08:57","guid":{"rendered":"http:\/\/obdstar-info.com\/?page_id=392"},"modified":"2021-08-12T10:14:38","modified_gmt":"2021-08-12T08:14:38","slug":"nis-cir17","status":"publish","type":"page","link":"https:\/\/obdstar-info.com\/index.php\/nis-cir17\/","title":{"rendered":"NIS-CIR17"},"content":{"rendered":"\t\t<div data-elementor-type=\"wp-page\" data-elementor-id=\"392\" class=\"elementor elementor-392\" data-elementor-settings=\"[]\">\n\t\t\t\t\t\t\t<div class=\"elementor-section-wrap\">\n\t\t\t\t\t\t\t<section class=\"elementor-section elementor-top-section elementor-element elementor-element-d06a21b elementor-section-full_width elementor-section-height-default elementor-section-height-default\" data-id=\"d06a21b\" data-element_type=\"section\" data-settings=\"{&quot;background_background&quot;:&quot;classic&quot;}\">\n\t\t\t\t\t\t<div class=\"elementor-container elementor-column-gap-default\">\n\t\t\t\t\t<div class=\"elementor-column elementor-col-100 elementor-top-column elementor-element elementor-element-c689796\" data-id=\"c689796\" data-element_type=\"column\">\n\t\t\t<div class=\"elementor-widget-wrap elementor-element-populated\">\n\t\t\t\t\t\t\t\t<div class=\"elementor-element elementor-element-39c3fc5 elementor-widget elementor-widget-spacer\" data-id=\"39c3fc5\" data-element_type=\"widget\" data-widget_type=\"spacer.default\">\n\t\t\t\t<div class=\"elementor-widget-container\">\n\t\t\t\t\t<div class=\"elementor-spacer\">\n\t\t\t<div class=\"elementor-spacer-inner\"><\/div>\n\t\t<\/div>\n\t\t\t\t<\/div>\n\t\t\t\t<\/div>\n\t\t\t\t\t<\/div>\n\t\t<\/div>\n\t\t\t\t\t\t\t<\/div>\n\t\t<\/section>\n\t\t\t\t<section class=\"elementor-section elementor-top-section elementor-element elementor-element-e875e4f elementor-section-full_width elementor-section-height-default elementor-section-height-default\" data-id=\"e875e4f\" data-element_type=\"section\" data-settings=\"{&quot;background_background&quot;:&quot;classic&quot;}\">\n\t\t\t\t\t\t<div class=\"elementor-container elementor-column-gap-default\">\n\t\t\t\t\t<div class=\"elementor-column elementor-col-50 elementor-top-column elementor-element elementor-element-7b09bc8\" data-id=\"7b09bc8\" data-element_type=\"column\" data-settings=\"{&quot;background_background&quot;:&quot;classic&quot;}\">\n\t\t\t<div class=\"elementor-widget-wrap elementor-element-populated\">\n\t\t\t\t\t\t\t\t<div class=\"elementor-element elementor-element-49e3fa1 elementor-widget elementor-widget-spacer\" data-id=\"49e3fa1\" data-element_type=\"widget\" data-widget_type=\"spacer.default\">\n\t\t\t\t<div class=\"elementor-widget-container\">\n\t\t\t\t\t<div class=\"elementor-spacer\">\n\t\t\t<div class=\"elementor-spacer-inner\"><\/div>\n\t\t<\/div>\n\t\t\t\t<\/div>\n\t\t\t\t<\/div>\n\t\t\t\t\t<\/div>\n\t\t<\/div>\n\t\t\t\t<div class=\"elementor-column elementor-col-50 elementor-top-column elementor-element elementor-element-14960e2\" data-id=\"14960e2\" data-element_type=\"column\" data-settings=\"{&quot;background_background&quot;:&quot;classic&quot;}\">\n\t\t\t<div class=\"elementor-widget-wrap elementor-element-populated\">\n\t\t\t\t\t\t\t\t<div class=\"elementor-element elementor-element-c4a4995 elementor-widget elementor-widget-heading\" data-id=\"c4a4995\" data-element_type=\"widget\" data-widget_type=\"heading.default\">\n\t\t\t\t<div class=\"elementor-widget-container\">\n\t\t\t<h2 class=\"elementor-heading-title elementor-size-default\">NIS-CIR17<\/h2>\t\t<\/div>\n\t\t\t\t<\/div>\n\t\t\t\t<div class=\"elementor-element elementor-element-0f4fabb elementor-widget elementor-widget-text-editor\" data-id=\"0f4fabb\" data-element_type=\"widget\" data-widget_type=\"text-editor.default\">\n\t\t\t\t<div class=\"elementor-widget-container\">\n\t\t\t\t\t\t\t<div class=\"product-reference\"><p><strong>Cl\u00e9 circuit compatible Nissan Pulsar &#8211; Qashqai<\/strong><\/p><p>T\u00e9l\u00e9commande Qashqai (2013 &#8211; 2017) | Pulsar (2014 &#8211; 2015) Smartkey<\/p><\/div>\t\t\t\t\t\t<\/div>\n\t\t\t\t<\/div>\n\t\t\t\t<div class=\"elementor-element elementor-element-e7b0345 elementor-align-left elementor-widget elementor-widget-button\" data-id=\"e7b0345\" data-element_type=\"widget\" data-widget_type=\"button.default\">\n\t\t\t\t<div class=\"elementor-widget-container\">\n\t\t\t\t\t<div class=\"elementor-button-wrapper\">\n\t\t\t<a href=\"https:\/\/www.keyfirst.eu\/fr\/telecommande-voiture\/271-nis-cir17-telecommande-qashqai-2013-2017-pulsar-2014-2015-smartkey-3700872213283.html\" class=\"elementor-button-link elementor-button elementor-size-md\" role=\"button\">\n\t\t\t\t\t\t<span class=\"elementor-button-content-wrapper\">\n\t\t\t\t\t\t<span class=\"elementor-button-text\">Acheter ce produit<\/span>\n\t\t<\/span>\n\t\t\t\t\t<\/a>\n\t\t<\/div>\n\t\t\t\t<\/div>\n\t\t\t\t<\/div>\n\t\t\t\t\t<\/div>\n\t\t<\/div>\n\t\t\t\t\t\t\t<\/div>\n\t\t<\/section>\n\t\t\t\t<section class=\"elementor-section elementor-top-section elementor-element elementor-element-cefd382 elementor-section-full_width elementor-section-height-default elementor-section-height-default\" data-id=\"cefd382\" data-element_type=\"section\" data-settings=\"{&quot;background_background&quot;:&quot;classic&quot;}\">\n\t\t\t\t\t\t<div class=\"elementor-container elementor-column-gap-default\">\n\t\t\t\t\t<div class=\"elementor-column elementor-col-100 elementor-top-column elementor-element elementor-element-ed2f2b8\" data-id=\"ed2f2b8\" data-element_type=\"column\">\n\t\t\t<div class=\"elementor-widget-wrap elementor-element-populated\">\n\t\t\t\t\t\t\t\t<div class=\"elementor-element elementor-element-f0e255a elementor-widget elementor-widget-spacer\" data-id=\"f0e255a\" data-element_type=\"widget\" data-widget_type=\"spacer.default\">\n\t\t\t\t<div class=\"elementor-widget-container\">\n\t\t\t\t\t<div class=\"elementor-spacer\">\n\t\t\t<div class=\"elementor-spacer-inner\"><\/div>\n\t\t<\/div>\n\t\t\t\t<\/div>\n\t\t\t\t<\/div>\n\t\t\t\t\t<\/div>\n\t\t<\/div>\n\t\t\t\t\t\t\t<\/div>\n\t\t<\/section>\n\t\t\t\t<section class=\"elementor-section elementor-top-section elementor-element elementor-element-803902a elementor-section-full_width elementor-section-height-default elementor-section-height-default\" data-id=\"803902a\" data-element_type=\"section\" data-settings=\"{&quot;background_background&quot;:&quot;classic&quot;}\">\n\t\t\t\t\t\t<div class=\"elementor-container elementor-column-gap-default\">\n\t\t\t\t\t<div class=\"elementor-column elementor-col-100 elementor-top-column elementor-element elementor-element-b7329b6\" data-id=\"b7329b6\" data-element_type=\"column\">\n\t\t\t<div class=\"elementor-widget-wrap elementor-element-populated\">\n\t\t\t\t\t\t\t\t<div class=\"elementor-element elementor-element-67d7ad8 elementor-widget elementor-widget-heading\" data-id=\"67d7ad8\" data-element_type=\"widget\" data-widget_type=\"heading.default\">\n\t\t\t\t<div class=\"elementor-widget-container\">\n\t\t\t<h2 class=\"elementor-heading-title elementor-size-default\">Conception<\/h2>\t\t<\/div>\n\t\t\t\t<\/div>\n\t\t\t\t<div class=\"elementor-element elementor-element-5655cfc elementor-widget elementor-widget-text-editor\" data-id=\"5655cfc\" data-element_type=\"widget\" data-widget_type=\"text-editor.default\">\n\t\t\t\t<div class=\"elementor-widget-container\">\n\t\t\t\t\t\t\t<div id=\"product-description-short-358\" class=\"description-short\"><div class=\"o9v6fnle cxmmr5t8 oygrvhab hcukyx3x c1et5uql ii04i59q\"><div class=\"o9v6fnle cxmmr5t8 oygrvhab hcukyx3x c1et5uql ii04i59q\"><div id=\"product-description-short-2039\" class=\"description-short\"><ul><li>2 boutons<\/li><li>433MHZ<\/li><li>Pile CR2032<\/li><li><strong>SANS LAME<\/strong><\/li><li>ID46 PCF7936<\/li><li>P\/N :\u00a0<strong>285E34CB0A &#8211; 285E34CB0C<\/strong><\/li><\/ul><\/div><\/div><\/div><\/div>\t\t\t\t\t\t<\/div>\n\t\t\t\t<\/div>\n\t\t\t\t<div class=\"elementor-element elementor-element-5f86da8 elementor-widget elementor-widget-heading\" data-id=\"5f86da8\" data-element_type=\"widget\" data-widget_type=\"heading.default\">\n\t\t\t\t<div class=\"elementor-widget-container\">\n\t\t\t<h2 class=\"elementor-heading-title elementor-size-default\">Caract\u00e9ristiques techniques<\/h2>\t\t<\/div>\n\t\t\t\t<\/div>\n\t\t\t\t<div class=\"elementor-element elementor-element-a11df1e elementor-widget elementor-widget-text-editor\" data-id=\"a11df1e\" data-element_type=\"widget\" data-widget_type=\"text-editor.default\">\n\t\t\t\t<div class=\"elementor-widget-container\">\n\t\t\t\t\t\t\t<div id=\"product-description-short-358\" class=\"description-short\"><div class=\"o9v6fnle cxmmr5t8 oygrvhab hcukyx3x c1et5uql ii04i59q\"><div class=\"o9v6fnle cxmmr5t8 oygrvhab hcukyx3x c1et5uql ii04i59q\"><div id=\"product-description-short-2039\" class=\"description-short\"><ul><li>Type De Lame\/ \u00c9bauche &#8211; SANS LAME<\/li><li>Nombre De Boutons &#8211; 2 boutons<\/li><li>Pile &#8211; CR2032<\/li><li>Fr\u00e9quence &#8211; 433 MHZ<\/li><li>Transpondeur- ID46<\/li><li>Marque &#8211; AFTER MARKET<\/li><li>PCF &#8211; 7936<\/li><\/ul><\/div><\/div><\/div><\/div>\t\t\t\t\t\t<\/div>\n\t\t\t\t<\/div>\n\t\t\t\t<div class=\"elementor-element elementor-element-16119d0 elementor-widget elementor-widget-button\" data-id=\"16119d0\" data-element_type=\"widget\" data-widget_type=\"button.default\">\n\t\t\t\t<div class=\"elementor-widget-container\">\n\t\t\t\t\t<div class=\"elementor-button-wrapper\">\n\t\t\t<a href=\"https:\/\/www.keyfirst.eu\/fr\/telecommande-voiture\/271-nis-cir17-telecommande-qashqai-2013-2017-pulsar-2014-2015-smartkey-3700872213283.html\" class=\"elementor-button-link elementor-button elementor-size-md\" role=\"button\">\n\t\t\t\t\t\t<span class=\"elementor-button-content-wrapper\">\n\t\t\t\t\t\t<span class=\"elementor-button-text\">Acheter ce produit<\/span>\n\t\t<\/span>\n\t\t\t\t\t<\/a>\n\t\t<\/div>\n\t\t\t\t<\/div>\n\t\t\t\t<\/div>\n\t\t\t\t<div class=\"elementor-element elementor-element-38d6683 elementor-widget elementor-widget-spacer\" data-id=\"38d6683\" data-element_type=\"widget\" data-widget_type=\"spacer.default\">\n\t\t\t\t<div class=\"elementor-widget-container\">\n\t\t\t\t\t<div class=\"elementor-spacer\">\n\t\t\t<div class=\"elementor-spacer-inner\"><\/div>\n\t\t<\/div>\n\t\t\t\t<\/div>\n\t\t\t\t<\/div>\n\t\t\t\t\t<\/div>\n\t\t<\/div>\n\t\t\t\t\t\t\t<\/div>\n\t\t<\/section>\n\t\t\t\t\t\t<\/div>\n\t\t\t\t\t<\/div>\n\t\t","protected":false},"excerpt":{"rendered":"<p>NIS-CIR17 Cl\u00e9 circuit compatible Nissan Pulsar &#8211; Qashqai T\u00e9l\u00e9commande Qashqai (2013 &#8211; 2017) | Pulsar (2014 &#8211; 2015) Smartkey Acheter ce produit Conception 2 boutons 433MHZ Pile CR2032 SANS LAME &#8230;<\/p>\n","protected":false},"author":1,"featured_media":0,"parent":0,"menu_order":0,"comment_status":"closed","ping_status":"closed","template":"elementor_header_footer","meta":[],"yoast_head":"<!-- This site is optimized with the Yoast SEO plugin v16.9 - https:\/\/yoast.com\/wordpress\/plugins\/seo\/ -->\n<title>NIS-CIR17 - Obdstar France<\/title>\n<meta name=\"robots\" content=\"index, follow, max-snippet:-1, max-image-preview:large, max-video-preview:-1\" \/>\n<link rel=\"canonical\" href=\"https:\/\/obdstar-info.com\/index.php\/nis-cir17\/\" \/>\n<meta property=\"og:locale\" content=\"en_US\" \/>\n<meta property=\"og:type\" content=\"article\" \/>\n<meta property=\"og:title\" content=\"NIS-CIR17 - Obdstar France\" \/>\n<meta property=\"og:description\" content=\"NIS-CIR17 Cl\u00e9 circuit compatible Nissan Pulsar &#8211; Qashqai T\u00e9l\u00e9commande Qashqai (2013 &#8211; 2017) | Pulsar (2014 &#8211; 2015) Smartkey Acheter ce produit Conception 2 boutons 433MHZ Pile CR2032 SANS LAME ...\" \/>\n<meta property=\"og:url\" content=\"https:\/\/obdstar-info.com\/index.php\/nis-cir17\/\" \/>\n<meta property=\"og:site_name\" content=\"Obdstar France\" \/>\n<meta property=\"article:modified_time\" content=\"2021-08-12T08:14:38+00:00\" \/>\n<meta name=\"twitter:card\" content=\"summary_large_image\" \/>\n<meta name=\"twitter:label1\" content=\"Est. reading time\" \/>\n\t<meta name=\"twitter:data1\" content=\"1 minute\" \/>\n<script type=\"application\/ld+json\" class=\"yoast-schema-graph\">{\"@context\":\"https:\/\/schema.org\",\"@graph\":[{\"@type\":\"WebSite\",\"@id\":\"https:\/\/obdstar-info.com\/#website\",\"url\":\"https:\/\/obdstar-info.com\/\",\"name\":\"Obdstar France\",\"description\":\"\",\"potentialAction\":[{\"@type\":\"SearchAction\",\"target\":{\"@type\":\"EntryPoint\",\"urlTemplate\":\"https:\/\/obdstar-info.com\/?s={search_term_string}\"},\"query-input\":\"required name=search_term_string\"}],\"inLanguage\":\"en-US\"},{\"@type\":\"WebPage\",\"@id\":\"https:\/\/obdstar-info.com\/index.php\/nis-cir17\/#webpage\",\"url\":\"https:\/\/obdstar-info.com\/index.php\/nis-cir17\/\",\"name\":\"NIS-CIR17 - Obdstar France\",\"isPartOf\":{\"@id\":\"https:\/\/obdstar-info.com\/#website\"},\"datePublished\":\"2021-08-12T08:08:57+00:00\",\"dateModified\":\"2021-08-12T08:14:38+00:00\",\"breadcrumb\":{\"@id\":\"https:\/\/obdstar-info.com\/index.php\/nis-cir17\/#breadcrumb\"},\"inLanguage\":\"en-US\",\"potentialAction\":[{\"@type\":\"ReadAction\",\"target\":[\"https:\/\/obdstar-info.com\/index.php\/nis-cir17\/\"]}]},{\"@type\":\"BreadcrumbList\",\"@id\":\"https:\/\/obdstar-info.com\/index.php\/nis-cir17\/#breadcrumb\",\"itemListElement\":[{\"@type\":\"ListItem\",\"position\":1,\"name\":\"Accueil\",\"item\":\"https:\/\/obdstar-info.com\/\"},{\"@type\":\"ListItem\",\"position\":2,\"name\":\"NIS-CIR17\"}]}]}<\/script>\n<!-- \/ Yoast SEO plugin. -->","yoast_head_json":{"title":"NIS-CIR17 - Obdstar France","robots":{"index":"index","follow":"follow","max-snippet":"max-snippet:-1","max-image-preview":"max-image-preview:large","max-video-preview":"max-video-preview:-1"},"canonical":"https:\/\/obdstar-info.com\/index.php\/nis-cir17\/","og_locale":"en_US","og_type":"article","og_title":"NIS-CIR17 - Obdstar France","og_description":"NIS-CIR17 Cl\u00e9 circuit compatible Nissan Pulsar &#8211; Qashqai T\u00e9l\u00e9commande Qashqai (2013 &#8211; 2017) | Pulsar (2014 &#8211; 2015) Smartkey Acheter ce produit Conception 2 boutons 433MHZ Pile CR2032 SANS LAME ...","og_url":"https:\/\/obdstar-info.com\/index.php\/nis-cir17\/","og_site_name":"Obdstar France","article_modified_time":"2021-08-12T08:14:38+00:00","twitter_card":"summary_large_image","twitter_misc":{"Est. reading time":"1 minute"},"schema":{"@context":"https:\/\/schema.org","@graph":[{"@type":"WebSite","@id":"https:\/\/obdstar-info.com\/#website","url":"https:\/\/obdstar-info.com\/","name":"Obdstar France","description":"","potentialAction":[{"@type":"SearchAction","target":{"@type":"EntryPoint","urlTemplate":"https:\/\/obdstar-info.com\/?s={search_term_string}"},"query-input":"required name=search_term_string"}],"inLanguage":"en-US"},{"@type":"WebPage","@id":"https:\/\/obdstar-info.com\/index.php\/nis-cir17\/#webpage","url":"https:\/\/obdstar-info.com\/index.php\/nis-cir17\/","name":"NIS-CIR17 - Obdstar France","isPartOf":{"@id":"https:\/\/obdstar-info.com\/#website"},"datePublished":"2021-08-12T08:08:57+00:00","dateModified":"2021-08-12T08:14:38+00:00","breadcrumb":{"@id":"https:\/\/obdstar-info.com\/index.php\/nis-cir17\/#breadcrumb"},"inLanguage":"en-US","potentialAction":[{"@type":"ReadAction","target":["https:\/\/obdstar-info.com\/index.php\/nis-cir17\/"]}]},{"@type":"BreadcrumbList","@id":"https:\/\/obdstar-info.com\/index.php\/nis-cir17\/#breadcrumb","itemListElement":[{"@type":"ListItem","position":1,"name":"Accueil","item":"https:\/\/obdstar-info.com\/"},{"@type":"ListItem","position":2,"name":"NIS-CIR17"}]}]}},"_links":{"self":[{"href":"https:\/\/obdstar-info.com\/index.php\/wp-json\/wp\/v2\/pages\/392"}],"collection":[{"href":"https:\/\/obdstar-info.com\/index.php\/wp-json\/wp\/v2\/pages"}],"about":[{"href":"https:\/\/obdstar-info.com\/index.php\/wp-json\/wp\/v2\/types\/page"}],"author":[{"embeddable":true,"href":"https:\/\/obdstar-info.com\/index.php\/wp-json\/wp\/v2\/users\/1"}],"replies":[{"embeddable":true,"href":"https:\/\/obdstar-info.com\/index.php\/wp-json\/wp\/v2\/comments?post=392"}],"version-history":[{"count":5,"href":"https:\/\/obdstar-info.com\/index.php\/wp-json\/wp\/v2\/pages\/392\/revisions"}],"predecessor-version":[{"id":572,"href":"https:\/\/obdstar-info.com\/index.php\/wp-json\/wp\/v2\/pages\/392\/revisions\/572"}],"wp:attachment":[{"href":"https:\/\/obdstar-info.com\/index.php\/wp-json\/wp\/v2\/media?parent=392"}],"curies":[{"name":"wp","href":"https:\/\/api.w.org\/{rel}","templated":true}]}}