{"id":181,"date":"2021-08-09T16:27:34","date_gmt":"2021-08-09T14:27:34","guid":{"rendered":"http:\/\/obdstar-info.com\/?page_id=181"},"modified":"2021-08-09T16:43:52","modified_gmt":"2021-08-09T14:43:52","slug":"lecteur-p001","status":"publish","type":"page","link":"https:\/\/obdstar-info.com\/index.php\/lecteur-p001\/","title":{"rendered":"LECTEUR P001"},"content":{"rendered":"\t\t<div data-elementor-type=\"wp-page\" data-elementor-id=\"181\" class=\"elementor elementor-181\" data-elementor-settings=\"[]\">\n\t\t\t\t\t\t\t<div class=\"elementor-section-wrap\">\n\t\t\t\t\t\t\t<section class=\"elementor-section elementor-top-section elementor-element elementor-element-d06a21b elementor-section-full_width elementor-section-height-default elementor-section-height-default\" data-id=\"d06a21b\" data-element_type=\"section\" data-settings=\"{&quot;background_background&quot;:&quot;classic&quot;}\">\n\t\t\t\t\t\t<div class=\"elementor-container elementor-column-gap-default\">\n\t\t\t\t\t<div class=\"elementor-column elementor-col-100 elementor-top-column elementor-element elementor-element-c689796\" data-id=\"c689796\" data-element_type=\"column\">\n\t\t\t<div class=\"elementor-widget-wrap elementor-element-populated\">\n\t\t\t\t\t\t\t\t<div class=\"elementor-element elementor-element-39c3fc5 elementor-widget elementor-widget-spacer\" data-id=\"39c3fc5\" data-element_type=\"widget\" data-widget_type=\"spacer.default\">\n\t\t\t\t<div class=\"elementor-widget-container\">\n\t\t\t\t\t<div class=\"elementor-spacer\">\n\t\t\t<div class=\"elementor-spacer-inner\"><\/div>\n\t\t<\/div>\n\t\t\t\t<\/div>\n\t\t\t\t<\/div>\n\t\t\t\t\t<\/div>\n\t\t<\/div>\n\t\t\t\t\t\t\t<\/div>\n\t\t<\/section>\n\t\t\t\t<section class=\"elementor-section elementor-top-section elementor-element elementor-element-e875e4f elementor-section-full_width elementor-section-height-default elementor-section-height-default\" data-id=\"e875e4f\" data-element_type=\"section\" data-settings=\"{&quot;background_background&quot;:&quot;classic&quot;}\">\n\t\t\t\t\t\t<div class=\"elementor-container elementor-column-gap-default\">\n\t\t\t\t\t<div class=\"elementor-column elementor-col-50 elementor-top-column elementor-element elementor-element-7b09bc8\" data-id=\"7b09bc8\" data-element_type=\"column\" data-settings=\"{&quot;background_background&quot;:&quot;classic&quot;}\">\n\t\t\t<div class=\"elementor-widget-wrap elementor-element-populated\">\n\t\t\t\t\t\t\t\t<div class=\"elementor-element elementor-element-49e3fa1 elementor-widget elementor-widget-spacer\" data-id=\"49e3fa1\" data-element_type=\"widget\" data-widget_type=\"spacer.default\">\n\t\t\t\t<div class=\"elementor-widget-container\">\n\t\t\t\t\t<div class=\"elementor-spacer\">\n\t\t\t<div class=\"elementor-spacer-inner\"><\/div>\n\t\t<\/div>\n\t\t\t\t<\/div>\n\t\t\t\t<\/div>\n\t\t\t\t\t<\/div>\n\t\t<\/div>\n\t\t\t\t<div class=\"elementor-column elementor-col-50 elementor-top-column elementor-element elementor-element-14960e2\" data-id=\"14960e2\" data-element_type=\"column\" data-settings=\"{&quot;background_background&quot;:&quot;classic&quot;}\">\n\t\t\t<div class=\"elementor-widget-wrap elementor-element-populated\">\n\t\t\t\t\t\t\t\t<div class=\"elementor-element elementor-element-c4a4995 elementor-widget elementor-widget-heading\" data-id=\"c4a4995\" data-element_type=\"widget\" data-widget_type=\"heading.default\">\n\t\t\t\t<div class=\"elementor-widget-container\">\n\t\t\t<h2 class=\"elementor-heading-title elementor-size-default\">LECTEUR P001 - SIMPLE<\/h2>\t\t<\/div>\n\t\t\t\t<\/div>\n\t\t\t\t<div class=\"elementor-element elementor-element-0f4fabb elementor-widget elementor-widget-text-editor\" data-id=\"0f4fabb\" data-element_type=\"widget\" data-widget_type=\"text-editor.default\">\n\t\t\t\t<div class=\"elementor-widget-container\">\n\t\t\t\t\t\t\t<div class=\"product-reference\"><p><strong>OBDSTAR P001 Programmeur RFID\u00a0fonctionne\u00a0avec\u00a0KEY MASTER DP PLUS<\/strong><br \/><br \/>Sur la base des caract\u00e9ristiques d&#8217;adaptateur d&#8217;origine, le programmeur P001 est un programmeur multifonctionnel.<br \/>Il apporte une toute nouvelle exp\u00e9rience, qui permet non seulement au technicien automobile de r\u00e9duire les proc\u00e9dures plus lourdes, mais peut \u00e9galement \u00eatre compatible avec les cl\u00e9s intelligentes simul\u00e9es.<\/p><\/div>\t\t\t\t\t\t<\/div>\n\t\t\t\t<\/div>\n\t\t\t\t<div class=\"elementor-element elementor-element-e7b0345 elementor-align-left elementor-widget elementor-widget-button\" data-id=\"e7b0345\" data-element_type=\"widget\" data-widget_type=\"button.default\">\n\t\t\t\t<div class=\"elementor-widget-container\">\n\t\t\t\t\t<div class=\"elementor-button-wrapper\">\n\t\t\t<a href=\"https:\/\/www.keyfirst.eu\/fr\/reproduction-de-cles-auto\/2039-lecteur-p001-obdstar-simple-3700872220984.html\" class=\"elementor-button-link elementor-button elementor-size-md\" role=\"button\">\n\t\t\t\t\t\t<span class=\"elementor-button-content-wrapper\">\n\t\t\t\t\t\t<span class=\"elementor-button-text\">Acheter ce produit<\/span>\n\t\t<\/span>\n\t\t\t\t\t<\/a>\n\t\t<\/div>\n\t\t\t\t<\/div>\n\t\t\t\t<\/div>\n\t\t\t\t\t<\/div>\n\t\t<\/div>\n\t\t\t\t\t\t\t<\/div>\n\t\t<\/section>\n\t\t\t\t<section class=\"elementor-section elementor-top-section elementor-element elementor-element-cefd382 elementor-section-full_width elementor-section-height-default elementor-section-height-default\" data-id=\"cefd382\" data-element_type=\"section\" data-settings=\"{&quot;background_background&quot;:&quot;classic&quot;}\">\n\t\t\t\t\t\t<div class=\"elementor-container elementor-column-gap-default\">\n\t\t\t\t\t<div class=\"elementor-column elementor-col-100 elementor-top-column elementor-element elementor-element-ed2f2b8\" data-id=\"ed2f2b8\" data-element_type=\"column\">\n\t\t\t<div class=\"elementor-widget-wrap elementor-element-populated\">\n\t\t\t\t\t\t\t\t<div class=\"elementor-element elementor-element-f0e255a elementor-widget elementor-widget-spacer\" data-id=\"f0e255a\" data-element_type=\"widget\" data-widget_type=\"spacer.default\">\n\t\t\t\t<div class=\"elementor-widget-container\">\n\t\t\t\t\t<div class=\"elementor-spacer\">\n\t\t\t<div class=\"elementor-spacer-inner\"><\/div>\n\t\t<\/div>\n\t\t\t\t<\/div>\n\t\t\t\t<\/div>\n\t\t\t\t\t<\/div>\n\t\t<\/div>\n\t\t\t\t\t\t\t<\/div>\n\t\t<\/section>\n\t\t\t\t<section class=\"elementor-section elementor-top-section elementor-element elementor-element-803902a elementor-section-full_width elementor-section-height-default elementor-section-height-default\" data-id=\"803902a\" data-element_type=\"section\" data-settings=\"{&quot;background_background&quot;:&quot;classic&quot;}\">\n\t\t\t\t\t\t<div class=\"elementor-container elementor-column-gap-default\">\n\t\t\t\t\t<div class=\"elementor-column elementor-col-100 elementor-top-column elementor-element elementor-element-b7329b6\" data-id=\"b7329b6\" data-element_type=\"column\">\n\t\t\t<div class=\"elementor-widget-wrap elementor-element-populated\">\n\t\t\t\t\t\t\t\t<div class=\"elementor-element elementor-element-67d7ad8 elementor-widget elementor-widget-heading\" data-id=\"67d7ad8\" data-element_type=\"widget\" data-widget_type=\"heading.default\">\n\t\t\t\t<div class=\"elementor-widget-container\">\n\t\t\t<h2 class=\"elementor-heading-title elementor-size-default\">P001 programmeur - Liste de v\u00e9hicules de soutien <\/h2>\t\t<\/div>\n\t\t\t\t<\/div>\n\t\t\t\t<div class=\"elementor-element elementor-element-3c833dd elementor-widget elementor-widget-text-editor\" data-id=\"3c833dd\" data-element_type=\"widget\" data-widget_type=\"text-editor.default\">\n\t\t\t\t<div class=\"elementor-widget-container\">\n\t\t\t\t\t\t\t<div id=\"product-description-short-358\" class=\"description-short\"><div class=\"o9v6fnle cxmmr5t8 oygrvhab hcukyx3x c1et5uql ii04i59q\"><div class=\"o9v6fnle cxmmr5t8 oygrvhab hcukyx3x c1et5uql ii04i59q\"><div id=\"product-description-short-2039\" class=\"description-short\"><p>IMMO pour VW AU-DI SKO-DA SE-AT 4 &amp; 5 GEN (m\u00eame fonction que l&#8217;adaptateur RFID)<br \/>Les 4th et 5th g\u00e9n\u00e9ration pour la programmation de VW\/AU-DI\/SKO-DA\/SEA-T sont ajout\u00e9es comme suit:<br \/>1. Types CDC + 24C32<br \/>2. NEC + 24C32 Types<br \/>3. 2013 Types de Johnson;<br \/>4. Types Motorola 9S12XHZ512;<br \/>5. \u00c9cran couleur NEC + 24C64-Type 1<br \/>6. \u00c9cran couleur NEC + 24C64-Type 2<br \/>7. NEC + 24C64 Type d&#8217;\u00e9cran blanc<br \/>8. NEC + 24C64(VDO -12)Type<br \/>9. NEC + 95320 Type<br \/>10. NEC + 35XX Type<br \/>11. Magotan\/ CC Type<br \/>12. Q7\/A6L(C6)9S12DT(G)128 Type<br \/>13. Q7\/A6L(C6)9S12DT(G)256 Type<br \/>14. Les mod\u00e8les Lifan Marvell sont ajout\u00e9s, ce qui comprend ajouter\/effacer les touches, programme\/supprimer les fonctions ESCL.<br \/>15. Les mod\u00e8les de MU-X Jiangling sont ajout\u00e9s en tant que programmation cl\u00e9 et d\u00e9gagement de cl\u00e9.<\/p><\/div><div class=\"product-actions\"><form id=\"add-to-cart-or-refresh\" action=\"https:\/\/www.keyfirst.eu\/fr\/panier\" method=\"post\"><div class=\"product-variants\">\u00a0<\/div><section class=\"product-discounts\"><\/section><\/form><\/div><\/div><\/div><\/div>\t\t\t\t\t\t<\/div>\n\t\t\t\t<\/div>\n\t\t\t\t<div class=\"elementor-element elementor-element-16119d0 elementor-widget elementor-widget-button\" data-id=\"16119d0\" data-element_type=\"widget\" data-widget_type=\"button.default\">\n\t\t\t\t<div class=\"elementor-widget-container\">\n\t\t\t\t\t<div class=\"elementor-button-wrapper\">\n\t\t\t<a href=\"https:\/\/www.keyfirst.eu\/fr\/reproduction-de-cles-auto\/2039-lecteur-p001-obdstar-simple-3700872220984.html\" class=\"elementor-button-link elementor-button elementor-size-md\" role=\"button\">\n\t\t\t\t\t\t<span class=\"elementor-button-content-wrapper\">\n\t\t\t\t\t\t<span class=\"elementor-button-text\">Acheter ce produit<\/span>\n\t\t<\/span>\n\t\t\t\t\t<\/a>\n\t\t<\/div>\n\t\t\t\t<\/div>\n\t\t\t\t<\/div>\n\t\t\t\t<div class=\"elementor-element elementor-element-38d6683 elementor-widget elementor-widget-spacer\" data-id=\"38d6683\" data-element_type=\"widget\" data-widget_type=\"spacer.default\">\n\t\t\t\t<div class=\"elementor-widget-container\">\n\t\t\t\t\t<div class=\"elementor-spacer\">\n\t\t\t<div class=\"elementor-spacer-inner\"><\/div>\n\t\t<\/div>\n\t\t\t\t<\/div>\n\t\t\t\t<\/div>\n\t\t\t\t\t<\/div>\n\t\t<\/div>\n\t\t\t\t\t\t\t<\/div>\n\t\t<\/section>\n\t\t\t\t\t\t<\/div>\n\t\t\t\t\t<\/div>\n\t\t","protected":false},"excerpt":{"rendered":"<p>LECTEUR P001 &#8211; SIMPLE OBDSTAR P001 Programmeur RFID\u00a0fonctionne\u00a0avec\u00a0KEY MASTER DP PLUS Sur la base des caract\u00e9ristiques d&#8217;adaptateur d&#8217;origine, le programmeur P001 est un programmeur multifonctionnel.Il apporte une toute nouvelle exp\u00e9rience, &#8230;<\/p>\n","protected":false},"author":1,"featured_media":0,"parent":0,"menu_order":0,"comment_status":"closed","ping_status":"closed","template":"elementor_header_footer","meta":[],"yoast_head":"<!-- This site is optimized with the Yoast SEO plugin v16.9 - https:\/\/yoast.com\/wordpress\/plugins\/seo\/ -->\n<title>LECTEUR P001 - Obdstar France<\/title>\n<meta name=\"robots\" content=\"index, follow, max-snippet:-1, max-image-preview:large, max-video-preview:-1\" \/>\n<link rel=\"canonical\" href=\"https:\/\/obdstar-info.com\/index.php\/lecteur-p001\/\" \/>\n<meta property=\"og:locale\" content=\"en_US\" \/>\n<meta property=\"og:type\" content=\"article\" \/>\n<meta property=\"og:title\" content=\"LECTEUR P001 - Obdstar France\" \/>\n<meta property=\"og:description\" content=\"LECTEUR P001 &#8211; SIMPLE OBDSTAR P001 Programmeur RFID\u00a0fonctionne\u00a0avec\u00a0KEY MASTER DP PLUS Sur la base des caract\u00e9ristiques d&#8217;adaptateur d&#8217;origine, le programmeur P001 est un programmeur multifonctionnel.Il apporte une toute nouvelle exp\u00e9rience, ...\" \/>\n<meta property=\"og:url\" content=\"https:\/\/obdstar-info.com\/index.php\/lecteur-p001\/\" \/>\n<meta property=\"og:site_name\" content=\"Obdstar France\" \/>\n<meta property=\"article:modified_time\" content=\"2021-08-09T14:43:52+00:00\" \/>\n<meta name=\"twitter:card\" content=\"summary_large_image\" \/>\n<meta name=\"twitter:label1\" content=\"Est. reading time\" \/>\n\t<meta name=\"twitter:data1\" content=\"1 minute\" \/>\n<script type=\"application\/ld+json\" class=\"yoast-schema-graph\">{\"@context\":\"https:\/\/schema.org\",\"@graph\":[{\"@type\":\"WebSite\",\"@id\":\"https:\/\/obdstar-info.com\/#website\",\"url\":\"https:\/\/obdstar-info.com\/\",\"name\":\"Obdstar France\",\"description\":\"\",\"potentialAction\":[{\"@type\":\"SearchAction\",\"target\":{\"@type\":\"EntryPoint\",\"urlTemplate\":\"https:\/\/obdstar-info.com\/?s={search_term_string}\"},\"query-input\":\"required name=search_term_string\"}],\"inLanguage\":\"en-US\"},{\"@type\":\"WebPage\",\"@id\":\"https:\/\/obdstar-info.com\/index.php\/lecteur-p001\/#webpage\",\"url\":\"https:\/\/obdstar-info.com\/index.php\/lecteur-p001\/\",\"name\":\"LECTEUR P001 - Obdstar France\",\"isPartOf\":{\"@id\":\"https:\/\/obdstar-info.com\/#website\"},\"datePublished\":\"2021-08-09T14:27:34+00:00\",\"dateModified\":\"2021-08-09T14:43:52+00:00\",\"breadcrumb\":{\"@id\":\"https:\/\/obdstar-info.com\/index.php\/lecteur-p001\/#breadcrumb\"},\"inLanguage\":\"en-US\",\"potentialAction\":[{\"@type\":\"ReadAction\",\"target\":[\"https:\/\/obdstar-info.com\/index.php\/lecteur-p001\/\"]}]},{\"@type\":\"BreadcrumbList\",\"@id\":\"https:\/\/obdstar-info.com\/index.php\/lecteur-p001\/#breadcrumb\",\"itemListElement\":[{\"@type\":\"ListItem\",\"position\":1,\"name\":\"Accueil\",\"item\":\"https:\/\/obdstar-info.com\/\"},{\"@type\":\"ListItem\",\"position\":2,\"name\":\"LECTEUR P001\"}]}]}<\/script>\n<!-- \/ Yoast SEO plugin. -->","yoast_head_json":{"title":"LECTEUR P001 - Obdstar France","robots":{"index":"index","follow":"follow","max-snippet":"max-snippet:-1","max-image-preview":"max-image-preview:large","max-video-preview":"max-video-preview:-1"},"canonical":"https:\/\/obdstar-info.com\/index.php\/lecteur-p001\/","og_locale":"en_US","og_type":"article","og_title":"LECTEUR P001 - Obdstar France","og_description":"LECTEUR P001 &#8211; SIMPLE OBDSTAR P001 Programmeur RFID\u00a0fonctionne\u00a0avec\u00a0KEY MASTER DP PLUS Sur la base des caract\u00e9ristiques d&#8217;adaptateur d&#8217;origine, le programmeur P001 est un programmeur multifonctionnel.Il apporte une toute nouvelle exp\u00e9rience, ...","og_url":"https:\/\/obdstar-info.com\/index.php\/lecteur-p001\/","og_site_name":"Obdstar France","article_modified_time":"2021-08-09T14:43:52+00:00","twitter_card":"summary_large_image","twitter_misc":{"Est. reading time":"1 minute"},"schema":{"@context":"https:\/\/schema.org","@graph":[{"@type":"WebSite","@id":"https:\/\/obdstar-info.com\/#website","url":"https:\/\/obdstar-info.com\/","name":"Obdstar France","description":"","potentialAction":[{"@type":"SearchAction","target":{"@type":"EntryPoint","urlTemplate":"https:\/\/obdstar-info.com\/?s={search_term_string}"},"query-input":"required name=search_term_string"}],"inLanguage":"en-US"},{"@type":"WebPage","@id":"https:\/\/obdstar-info.com\/index.php\/lecteur-p001\/#webpage","url":"https:\/\/obdstar-info.com\/index.php\/lecteur-p001\/","name":"LECTEUR P001 - Obdstar France","isPartOf":{"@id":"https:\/\/obdstar-info.com\/#website"},"datePublished":"2021-08-09T14:27:34+00:00","dateModified":"2021-08-09T14:43:52+00:00","breadcrumb":{"@id":"https:\/\/obdstar-info.com\/index.php\/lecteur-p001\/#breadcrumb"},"inLanguage":"en-US","potentialAction":[{"@type":"ReadAction","target":["https:\/\/obdstar-info.com\/index.php\/lecteur-p001\/"]}]},{"@type":"BreadcrumbList","@id":"https:\/\/obdstar-info.com\/index.php\/lecteur-p001\/#breadcrumb","itemListElement":[{"@type":"ListItem","position":1,"name":"Accueil","item":"https:\/\/obdstar-info.com\/"},{"@type":"ListItem","position":2,"name":"LECTEUR P001"}]}]}},"_links":{"self":[{"href":"https:\/\/obdstar-info.com\/index.php\/wp-json\/wp\/v2\/pages\/181"}],"collection":[{"href":"https:\/\/obdstar-info.com\/index.php\/wp-json\/wp\/v2\/pages"}],"about":[{"href":"https:\/\/obdstar-info.com\/index.php\/wp-json\/wp\/v2\/types\/page"}],"author":[{"embeddable":true,"href":"https:\/\/obdstar-info.com\/index.php\/wp-json\/wp\/v2\/users\/1"}],"replies":[{"embeddable":true,"href":"https:\/\/obdstar-info.com\/index.php\/wp-json\/wp\/v2\/comments?post=181"}],"version-history":[{"count":11,"href":"https:\/\/obdstar-info.com\/index.php\/wp-json\/wp\/v2\/pages\/181\/revisions"}],"predecessor-version":[{"id":559,"href":"https:\/\/obdstar-info.com\/index.php\/wp-json\/wp\/v2\/pages\/181\/revisions\/559"}],"wp:attachment":[{"href":"https:\/\/obdstar-info.com\/index.php\/wp-json\/wp\/v2\/media?parent=181"}],"curies":[{"name":"wp","href":"https:\/\/api.w.org\/{rel}","templated":true}]}}